{"id":301,"date":"2020-05-10T22:38:32","date_gmt":"2020-05-10T20:38:32","guid":{"rendered":"http:\/\/kine-genappe.be\/?page_id=301"},"modified":"2024-12-09T12:13:49","modified_gmt":"2024-12-09T11:13:49","slug":"formation","status":"publish","type":"page","link":"https:\/\/kine-genappe.be\/index.php\/formation\/","title":{"rendered":"Profil"},"content":{"rendered":"\t\t<div data-elementor-type=\"wp-page\" data-elementor-id=\"301\" class=\"elementor elementor-301\">\n\t\t\t\t\t\t<section class=\"elementor-section elementor-top-section elementor-element elementor-element-8a2c9ce elementor-section-boxed elementor-section-height-default elementor-section-height-default\" data-id=\"8a2c9ce\" data-element_type=\"section\">\n\t\t\t\t\t\t<div class=\"elementor-container elementor-column-gap-default\">\n\t\t\t\t\t<div class=\"elementor-column elementor-col-33 elementor-top-column elementor-element elementor-element-e6743ac\" data-id=\"e6743ac\" data-element_type=\"column\">\n\t\t\t<div class=\"elementor-widget-wrap elementor-element-populated\">\n\t\t\t\t\t\t<div class=\"elementor-element elementor-element-ae123b3 elementor-widget elementor-widget-image\" data-id=\"ae123b3\" data-element_type=\"widget\" data-widget_type=\"image.default\">\n\t\t\t\t<div class=\"elementor-widget-container\">\n\t\t\t\t\t\t\t\t\t\t\t\t\t<img decoding=\"async\" width=\"239\" height=\"196\" src=\"https:\/\/kine-genappe.be\/wp-content\/uploads\/2023\/02\/PHourman.png\" class=\"attachment-full size-full wp-image-552\" alt=\"\" srcset=\"https:\/\/kine-genappe.be\/wp-content\/uploads\/2023\/02\/PHourman.png 239w, https:\/\/kine-genappe.be\/wp-content\/uploads\/2023\/02\/PHourman-73x60.png 73w\" sizes=\"(max-width: 239px) 100vw, 239px\" \/>\t\t\t\t\t\t\t\t\t\t\t\t\t<\/div>\n\t\t\t\t<\/div>\n\t\t\t\t<div class=\"elementor-element elementor-element-3e74815 elementor-widget elementor-widget-heading\" data-id=\"3e74815\" data-element_type=\"widget\" data-widget_type=\"heading.default\">\n\t\t\t\t<div class=\"elementor-widget-container\">\n\t\t\t<h4 class=\"elementor-heading-title elementor-size-default\">Priscilla Hourman<\/h4>\t\t<\/div>\n\t\t\t\t<\/div>\n\t\t\t\t<div class=\"elementor-element elementor-element-7c335be elementor-widget elementor-widget-text-editor\" data-id=\"7c335be\" data-element_type=\"widget\" data-widget_type=\"text-editor.default\">\n\t\t\t\t<div class=\"elementor-widget-container\">\n\t\t\t\t\t\t\t<p>Apr\u00e8s ma formation de kin\u00e9sith\u00e9rapeute g\u00e9n\u00e9rale, je me suis tr\u00e8s vite dirig\u00e9e vers le domaine de la <u><b>maxillo-faciale<\/b><\/u> qui me passionne.\u00a0<\/p><p><u><b>Douleurs de m\u00e2choires, acouph\u00e8nes, bruxisme, d\u00e9glutition atypique<\/b><\/u>, autant de d\u00e9fis \u00e0 relever.<\/p><p>Je me suis ensuite form\u00e9e en <u><b>th\u00e9rapie myofonctionnelle <\/b><\/u>pour l\u2019accompagnement des traitements d\u2019<u><b>orthodontie<\/b><\/u> et de la prise en charge des patients <b><a href=\"http:\/\/kine-genappe.be\/index.php\/apnees-du-sommeil\/\">apn\u00e9iques et\/ou ronfleurs<\/a><\/b> .<\/p><p>Depuis de nombreuses ann\u00e9es, j\u2019entretiens mes connaissances par des formations continues (<a href=\"https:\/\/www.sfer.be\/ateliers\" target=\"_blank\" rel=\"nofollow noopener\">SFER<\/a> \u00e0 Mons, <a href=\"https:\/\/www.u-paris2.fr\/fr\/formations\" target=\"_blank\" rel=\"noopener\">ASSAS<\/a> \u00e0 Paris,\u00a0<a href=\"https:\/\/uclouvain.be\/fr\/index.html\" target=\"_blank\" rel=\"nofollow noopener\">HMTC<\/a> \u00e0 LLN, P\u00e9rim\u00e8tres \u00e0 Grenoble,<a href=\"https:\/\/www.connaissance-evolution.com\/\" target=\"_blank\" rel=\"noopener\"><u>Connaissances et \u00e9volution \u00e0 Paris)<\/u><\/a><span style=\"color: var( --e-global-color-text ); font-family: var( --e-global-typography-text-font-family ), Sans-serif; font-weight: var( --e-global-typography-text-font-weight );\">\u00a0pour \u00e9largir mes connaissances et vous offrir les meilleurs soins.<\/span><\/p><p>Ma formation en acupressure est un outil que j\u2019utilise dans ces deux domaines.<\/p><p>J\u2019organise des ateliers pratiques pour mes cons\u0153urs(fr\u00e8res).<\/p><p><strong>\u00a0<\/strong><\/p><div>\u00a0<\/div><div>\u00a0<\/div><div>\u00a0<\/div><div>\u00a0<\/div><div>\u00a0<\/div>\t\t\t\t\t\t<\/div>\n\t\t\t\t<\/div>\n\t\t\t\t\t<\/div>\n\t\t<\/div>\n\t\t\t\t<div class=\"elementor-column elementor-col-33 elementor-top-column elementor-element elementor-element-2b47144\" data-id=\"2b47144\" data-element_type=\"column\">\n\t\t\t<div class=\"elementor-widget-wrap\">\n\t\t\t\t\t\t\t<\/div>\n\t\t<\/div>\n\t\t\t\t<div class=\"elementor-column elementor-col-33 elementor-top-column elementor-element elementor-element-ebaad15\" data-id=\"ebaad15\" data-element_type=\"column\">\n\t\t\t<div class=\"elementor-widget-wrap elementor-element-populated\">\n\t\t\t\t\t\t\t<\/div>\n\t\t<\/div>\n\t\t\t\t\t<\/div>\n\t\t<\/section>\n\t\t\t\t<section class=\"elementor-section elementor-top-section elementor-element elementor-element-445dbe7 elementor-section-boxed elementor-section-height-default elementor-section-height-default\" data-id=\"445dbe7\" data-element_type=\"section\">\n\t\t\t\t\t\t<div class=\"elementor-container elementor-column-gap-default\">\n\t\t\t\t\t<div class=\"elementor-column elementor-col-100 elementor-top-column elementor-element elementor-element-3470415\" data-id=\"3470415\" data-element_type=\"column\">\n\t\t\t<div class=\"elementor-widget-wrap\">\n\t\t\t\t\t\t\t<\/div>\n\t\t<\/div>\n\t\t\t\t\t<\/div>\n\t\t<\/section>\n\t\t\t\t<\/div>\n\t\t","protected":false},"excerpt":{"rendered":"<p>Priscilla Hourman Apr\u00e8s ma formation de kin\u00e9sith\u00e9rapeute g\u00e9n\u00e9rale, je me suis tr\u00e8s vite dirig\u00e9e vers le domaine de la maxillo-faciale qui me passionne.\u00a0 Douleurs de m\u00e2choires, acouph\u00e8nes, bruxisme, d\u00e9glutition atypique, &hellip; <\/p>\n","protected":false},"author":1,"featured_media":0,"parent":0,"menu_order":0,"comment_status":"closed","ping_status":"closed","template":"","meta":{"footnotes":""},"class_list":["post-301","page","type-page","status-publish","hentry"],"_links":{"self":[{"href":"https:\/\/kine-genappe.be\/index.php\/wp-json\/wp\/v2\/pages\/301","targetHints":{"allow":["GET"]}}],"collection":[{"href":"https:\/\/kine-genappe.be\/index.php\/wp-json\/wp\/v2\/pages"}],"about":[{"href":"https:\/\/kine-genappe.be\/index.php\/wp-json\/wp\/v2\/types\/page"}],"author":[{"embeddable":true,"href":"https:\/\/kine-genappe.be\/index.php\/wp-json\/wp\/v2\/users\/1"}],"replies":[{"embeddable":true,"href":"https:\/\/kine-genappe.be\/index.php\/wp-json\/wp\/v2\/comments?post=301"}],"version-history":[{"count":148,"href":"https:\/\/kine-genappe.be\/index.php\/wp-json\/wp\/v2\/pages\/301\/revisions"}],"predecessor-version":[{"id":640,"href":"https:\/\/kine-genappe.be\/index.php\/wp-json\/wp\/v2\/pages\/301\/revisions\/640"}],"wp:attachment":[{"href":"https:\/\/kine-genappe.be\/index.php\/wp-json\/wp\/v2\/media?parent=301"}],"curies":[{"name":"wp","href":"https:\/\/api.w.org\/{rel}","templated":true}]}}