{"id":146,"date":"2020-05-06T18:32:56","date_gmt":"2020-05-06T16:32:56","guid":{"rendered":"http:\/\/kine-genappe.be\/?page_id=146"},"modified":"2025-01-31T16:13:59","modified_gmt":"2025-01-31T15:13:59","slug":"apnees-du-sommeil","status":"publish","type":"page","link":"https:\/\/kine-genappe.be\/index.php\/apnees-du-sommeil\/","title":{"rendered":"Apn\u00e9es Ronflements"},"content":{"rendered":"\t\t<div data-elementor-type=\"wp-page\" data-elementor-id=\"146\" class=\"elementor elementor-146\">\n\t\t\t\t\t\t<section class=\"elementor-section elementor-top-section elementor-element elementor-element-642caf6 elementor-section-boxed elementor-section-height-default elementor-section-height-default\" data-id=\"642caf6\" data-element_type=\"section\">\n\t\t\t\t\t\t<div class=\"elementor-container elementor-column-gap-default\">\n\t\t\t\t\t<div class=\"elementor-column elementor-col-50 elementor-top-column elementor-element elementor-element-dca4388\" data-id=\"dca4388\" data-element_type=\"column\">\n\t\t\t<div class=\"elementor-widget-wrap elementor-element-populated\">\n\t\t\t\t\t\t<div class=\"elementor-element elementor-element-b3abbaf elementor-widget elementor-widget-image\" data-id=\"b3abbaf\" data-element_type=\"widget\" data-widget_type=\"image.default\">\n\t\t\t\t<div class=\"elementor-widget-container\">\n\t\t\t\t\t\t\t\t\t\t\t\t\t<img fetchpriority=\"high\" decoding=\"async\" width=\"505\" height=\"377\" src=\"https:\/\/kine-genappe.be\/wp-content\/uploads\/2020\/05\/Apn\u00e9es-2.jpg\" class=\"attachment-large size-large wp-image-119\" alt=\"Apn\u00e9es du sommeil et ronflements\" srcset=\"https:\/\/kine-genappe.be\/wp-content\/uploads\/2020\/05\/Apn\u00e9es-2.jpg 505w, https:\/\/kine-genappe.be\/wp-content\/uploads\/2020\/05\/Apn\u00e9es-2-300x224.jpg 300w, https:\/\/kine-genappe.be\/wp-content\/uploads\/2020\/05\/Apn\u00e9es-2-80x60.jpg 80w, https:\/\/kine-genappe.be\/wp-content\/uploads\/2020\/05\/Apn\u00e9es-2-110x83.jpg 110w\" sizes=\"(max-width: 505px) 100vw, 505px\" \/>\t\t\t\t\t\t\t\t\t\t\t\t\t<\/div>\n\t\t\t\t<\/div>\n\t\t\t\t\t<\/div>\n\t\t<\/div>\n\t\t\t\t<div class=\"elementor-column elementor-col-50 elementor-top-column elementor-element elementor-element-2911fe0\" data-id=\"2911fe0\" data-element_type=\"column\">\n\t\t\t<div class=\"elementor-widget-wrap elementor-element-populated\">\n\t\t\t\t\t\t<div class=\"elementor-element elementor-element-96341b6 elementor-widget elementor-widget-text-editor\" data-id=\"96341b6\" data-element_type=\"widget\" data-widget_type=\"text-editor.default\">\n\t\t\t\t<div class=\"elementor-widget-container\">\n\t\t\t\t\t\t\t<h4><strong>Accompagnement des traitement des apn\u00e9es du sommeil et\/ou ronflements<\/strong><\/h4><p>Le syndrome d\u2019apn\u00e9e du sommeil (SAS) est un trouble respiratoire qui se manifeste par des pauses respiratoires durant le sommeil. \u00a0<\/p><p>Ces pauses r\u00e9sultent d\u2019un blocage de l\u2019air dans les voies a\u00e9riennes sup\u00e9rieures, on parle alors d\u2019apn\u00e9es obstructives.<\/p><p>L\u2019encombrement du nez, une d\u00e9viation de la cloison nasale ou un traumatisme du nez peuvent engendrer la respiration buccale, ce qui favorise la ronchopathie. Le ronflement limite le d\u00e9bit ventilatoire, fractionne le sommeil et peut \u00e9voluer vers un SAS<\/p><p>Si les \u00e9pisodes d\u2019apn\u00e9es sont nombreux, le sommeil n\u2019est plus r\u00e9parateur. Ces multiples interruptions du sommeil entra\u00eenent une fatigue diurne importante poussant la personne \u00e0 consulter un docteur.<\/p><p>Apr\u00e8s une visite m\u00e9dicale pour \u00e9carter les allergies, les amygdales et\/ou v\u00e9g\u00e9tations hypertrophi\u00e9es, le surpoids, une th\u00e9rapie myofonctionnelle peut \u00eatre propos\u00e9e pour diminuer les troubles respiratoires du sommeil TRS.<\/p>\t\t\t\t\t\t<\/div>\n\t\t\t\t<\/div>\n\t\t\t\t\t<\/div>\n\t\t<\/div>\n\t\t\t\t\t<\/div>\n\t\t<\/section>\n\t\t\t\t<section class=\"elementor-section elementor-top-section elementor-element elementor-element-46a7fdb elementor-section-boxed elementor-section-height-default elementor-section-height-default\" data-id=\"46a7fdb\" data-element_type=\"section\">\n\t\t\t\t\t\t<div class=\"elementor-container elementor-column-gap-default\">\n\t\t\t\t\t<div class=\"elementor-column elementor-col-50 elementor-top-column elementor-element elementor-element-ac604f5\" data-id=\"ac604f5\" data-element_type=\"column\">\n\t\t\t<div class=\"elementor-widget-wrap elementor-element-populated\">\n\t\t\t\t\t\t<div class=\"elementor-element elementor-element-65bc01b elementor-widget elementor-widget-text-editor\" data-id=\"65bc01b\" data-element_type=\"widget\" data-widget_type=\"text-editor.default\">\n\t\t\t\t<div class=\"elementor-widget-container\">\n\t\t\t\t\t\t\t<p>Les Troubles Respiratoires Obstructifs du Sommeil (TROS) touchent aussi les enfants. L\u2019\u00e9volution d\u2019un stade de ronflement vers l\u2019apn\u00e9e est tr\u00e8s progressive, c\u2019est pourquoi il est important de d\u00e9pister et traiter pr\u00e9cocement nos jeunes respirateurs buccaux.<\/p><p>De plus, la respiration buccale chez l\u2019enfant provoque un d\u00e9faut de croissance des os de la face<\/p><p>Les manifestations de TROS chez l\u2019enfant<\/p><ul><li>La nuit\u00a0: sommeil agit\u00e9, ronfle ou respiration bruyante par la bouche, transpiration, r\u00e9veils nocturnes, hyperextension nuque<\/li><li>Le jour\u00a0: fatigue, difficult\u00e9 \u00e0 se concentrer, troubles de l\u2019humeur, hyperactivit\u00e9, difficult\u00e9 scolaire, repli sur soi, yeux cern\u00e9s.<\/li><\/ul><p>Les\u00a0 enfants trait\u00e9s pour leurs TROS voient leur quotidien s\u2019am\u00e9liorer consid\u00e9rablement.<\/p>\t\t\t\t\t\t<\/div>\n\t\t\t\t<\/div>\n\t\t\t\t\t<\/div>\n\t\t<\/div>\n\t\t\t\t<div class=\"elementor-column elementor-col-50 elementor-top-column elementor-element elementor-element-424d65b\" data-id=\"424d65b\" data-element_type=\"column\">\n\t\t\t<div class=\"elementor-widget-wrap elementor-element-populated\">\n\t\t\t\t\t\t<div class=\"elementor-element elementor-element-17575f3 elementor-widget elementor-widget-image\" data-id=\"17575f3\" data-element_type=\"widget\" data-widget_type=\"image.default\">\n\t\t\t\t<div class=\"elementor-widget-container\">\n\t\t\t\t\t\t\t\t\t\t\t\t\t<img decoding=\"async\" width=\"613\" height=\"344\" src=\"https:\/\/kine-genappe.be\/wp-content\/uploads\/2020\/05\/Enfant-ronflement.jpg\" class=\"attachment-large size-large wp-image-197\" alt=\"Enfant ronflement\" srcset=\"https:\/\/kine-genappe.be\/wp-content\/uploads\/2020\/05\/Enfant-ronflement.jpg 613w, https:\/\/kine-genappe.be\/wp-content\/uploads\/2020\/05\/Enfant-ronflement-300x168.jpg 300w, https:\/\/kine-genappe.be\/wp-content\/uploads\/2020\/05\/Enfant-ronflement-107x60.jpg 107w\" sizes=\"(max-width: 613px) 100vw, 613px\" \/>\t\t\t\t\t\t\t\t\t\t\t\t\t<\/div>\n\t\t\t\t<\/div>\n\t\t\t\t\t<\/div>\n\t\t<\/div>\n\t\t\t\t\t<\/div>\n\t\t<\/section>\n\t\t\t\t<\/div>\n\t\t","protected":false},"excerpt":{"rendered":"<p>Accompagnement des traitement des apn\u00e9es du sommeil et\/ou ronflements Le syndrome d\u2019apn\u00e9e du sommeil (SAS) est un trouble respiratoire qui se manifeste par des pauses respiratoires durant le sommeil. \u00a0 &hellip; <\/p>\n","protected":false},"author":2,"featured_media":0,"parent":0,"menu_order":0,"comment_status":"closed","ping_status":"closed","template":"","meta":{"footnotes":""},"class_list":["post-146","page","type-page","status-publish","hentry"],"_links":{"self":[{"href":"https:\/\/kine-genappe.be\/index.php\/wp-json\/wp\/v2\/pages\/146","targetHints":{"allow":["GET"]}}],"collection":[{"href":"https:\/\/kine-genappe.be\/index.php\/wp-json\/wp\/v2\/pages"}],"about":[{"href":"https:\/\/kine-genappe.be\/index.php\/wp-json\/wp\/v2\/types\/page"}],"author":[{"embeddable":true,"href":"https:\/\/kine-genappe.be\/index.php\/wp-json\/wp\/v2\/users\/2"}],"replies":[{"embeddable":true,"href":"https:\/\/kine-genappe.be\/index.php\/wp-json\/wp\/v2\/comments?post=146"}],"version-history":[{"count":22,"href":"https:\/\/kine-genappe.be\/index.php\/wp-json\/wp\/v2\/pages\/146\/revisions"}],"predecessor-version":[{"id":650,"href":"https:\/\/kine-genappe.be\/index.php\/wp-json\/wp\/v2\/pages\/146\/revisions\/650"}],"wp:attachment":[{"href":"https:\/\/kine-genappe.be\/index.php\/wp-json\/wp\/v2\/media?parent=146"}],"curies":[{"name":"wp","href":"https:\/\/api.w.org\/{rel}","templated":true}]}}